{"id":828,"date":"2014-07-15T11:43:00","date_gmt":"2014-07-15T09:43:00","guid":{"rendered":"http:\/\/www.schinken-wein.de\/?page_id=828"},"modified":"2026-01-28T13:47:08","modified_gmt":"2026-01-28T11:47:08","slug":"home","status":"publish","type":"page","link":"https:\/\/www.schinken-wein.de\/en","title":{"rendered":"Home"},"content":{"rendered":"<p>Schinken hat bei der Familie Wein Tradition: Bereits seit 1966 stellen wir in dem kleinen Ort Freudenstadt-Musbach mitten im Schwarzwald unsere Spezialit\u00e4ten her. Der Klassiker ist nat\u00fcrlich unser echter Schwarzw\u00e4lder Schinken, ger\u00e4uchert \u00fcber heimischem Tannenholz und Wacholderzweigen. Aber auch Luftgetrockneter Schinken, Bauchspeck, die beliebte Salami mit edlem Kirschwasser, feine Schinkenw\u00fcrfel und viele andere Produkte geh\u00f6ren zu unserem Sortiment. Mein Name ist Hase.<\/p>\n","protected":false},"excerpt":{"rendered":"<p>Schinken hat bei der Familie Wein Tradition: Bereits seit 1966 stellen wir in dem kleinen Ort Freudenstadt-Musbach mitten im Schwarzwald unsere Spezialit\u00e4ten her. Der Klassiker ist nat\u00fcrlich unser echter Schwarzw\u00e4lder Schinken, ger\u00e4uchert \u00fcber heimischem Tannenholz und Wacholderzweigen. Aber auch Luftgetrockneter Schinken, Bauchspeck, die beliebte Salami mit edlem Kirschwasser, feine Schinkenw\u00fcrfel und viele andere Produkte geh\u00f6ren zu unserem Sortiment. Mein Name ist Hase.<\/p>\n","protected":false},"author":1,"featured_media":0,"parent":0,"menu_order":9,"comment_status":"open","ping_status":"closed","template":"tmpl\/template-home.php","meta":{"_acf_changed":false,"footnotes":""},"class_list":["post-828","page","type-page","status-publish","hentry"],"acf":[],"yoast_head":"<!-- This site is optimized with the Yoast SEO plugin v27.3 - https:\/\/yoast.com\/product\/yoast-seo-wordpress\/ -->\n<title>Home - schinken-wein.de<\/title>\n<meta name=\"robots\" content=\"index, follow, max-snippet:-1, max-image-preview:large, max-video-preview:-1\" \/>\n<link rel=\"canonical\" href=\"https:\/\/www.schinken-wein.de\/en\" \/>\n<meta property=\"og:locale\" content=\"en_US\" \/>\n<meta property=\"og:type\" content=\"article\" \/>\n<meta property=\"og:title\" content=\"Home - schinken-wein.de\" \/>\n<meta property=\"og:description\" content=\"Schinken hat bei der Familie Wein Tradition: Bereits seit 1966 stellen wir in dem kleinen Ort Freudenstadt-Musbach mitten im Schwarzwald unsere Spezialit\u00e4ten her. Der Klassiker ist nat\u00fcrlich unser echter Schwarzw\u00e4lder Schinken, ger\u00e4uchert \u00fcber heimischem Tannenholz und Wacholderzweigen. Aber auch Luftgetrockneter Schinken, Bauchspeck, die beliebte Salami mit edlem Kirschwasser, feine Schinkenw\u00fcrfel und viele andere Produkte geh\u00f6ren zu unserem Sortiment. Mein Name ist Hase.\" \/>\n<meta property=\"og:url\" content=\"https:\/\/www.schinken-wein.de\/en\" \/>\n<meta property=\"og:site_name\" content=\"schinken-wein.de\" \/>\n<meta property=\"article:modified_time\" content=\"2026-01-28T11:47:08+00:00\" \/>\n<meta name=\"twitter:label1\" content=\"Est. reading time\" \/>\n\t<meta name=\"twitter:data1\" content=\"1 minute\" \/>\n<script type=\"application\/ld+json\" class=\"yoast-schema-graph\">{\"@context\":\"https:\\\/\\\/schema.org\",\"@graph\":[{\"@type\":\"WebPage\",\"@id\":\"https:\\\/\\\/www.schinken-wein.de\\\/en\",\"url\":\"https:\\\/\\\/www.schinken-wein.de\\\/en\",\"name\":\"Home - schinken-wein.de\",\"isPartOf\":{\"@id\":\"https:\\\/\\\/www.schinken-wein.de\\\/#website\"},\"datePublished\":\"2014-07-15T09:43:00+00:00\",\"dateModified\":\"2026-01-28T11:47:08+00:00\",\"breadcrumb\":{\"@id\":\"https:\\\/\\\/www.schinken-wein.de\\\/en#breadcrumb\"},\"inLanguage\":\"en-US\",\"potentialAction\":[{\"@type\":\"ReadAction\",\"target\":[\"https:\\\/\\\/www.schinken-wein.de\\\/en\"]}]},{\"@type\":\"BreadcrumbList\",\"@id\":\"https:\\\/\\\/www.schinken-wein.de\\\/en#breadcrumb\",\"itemListElement\":[{\"@type\":\"ListItem\",\"position\":1,\"name\":\"Home\",\"item\":\"https:\\\/\\\/www.schinken-wein.de\\\/en\"},{\"@type\":\"ListItem\",\"position\":2,\"name\":\"Home\"}]},{\"@type\":\"WebSite\",\"@id\":\"https:\\\/\\\/www.schinken-wein.de\\\/#website\",\"url\":\"https:\\\/\\\/www.schinken-wein.de\\\/\",\"name\":\"schinken-wein.de\",\"description\":\"\",\"potentialAction\":[{\"@type\":\"SearchAction\",\"target\":{\"@type\":\"EntryPoint\",\"urlTemplate\":\"https:\\\/\\\/www.schinken-wein.de\\\/?s={search_term_string}\"},\"query-input\":{\"@type\":\"PropertyValueSpecification\",\"valueRequired\":true,\"valueName\":\"search_term_string\"}}],\"inLanguage\":\"en-US\"}]}<\/script>\n<!-- \/ Yoast SEO plugin. -->","yoast_head_json":{"title":"Home - schinken-wein.de","robots":{"index":"index","follow":"follow","max-snippet":"max-snippet:-1","max-image-preview":"max-image-preview:large","max-video-preview":"max-video-preview:-1"},"canonical":"https:\/\/www.schinken-wein.de\/en","og_locale":"en_US","og_type":"article","og_title":"Home - schinken-wein.de","og_description":"Schinken hat bei der Familie Wein Tradition: Bereits seit 1966 stellen wir in dem kleinen Ort Freudenstadt-Musbach mitten im Schwarzwald unsere Spezialit\u00e4ten her. Der Klassiker ist nat\u00fcrlich unser echter Schwarzw\u00e4lder Schinken, ger\u00e4uchert \u00fcber heimischem Tannenholz und Wacholderzweigen. Aber auch Luftgetrockneter Schinken, Bauchspeck, die beliebte Salami mit edlem Kirschwasser, feine Schinkenw\u00fcrfel und viele andere Produkte geh\u00f6ren zu unserem Sortiment. Mein Name ist Hase.","og_url":"https:\/\/www.schinken-wein.de\/en","og_site_name":"schinken-wein.de","article_modified_time":"2026-01-28T11:47:08+00:00","twitter_misc":{"Est. reading time":"1 minute"},"schema":{"@context":"https:\/\/schema.org","@graph":[{"@type":"WebPage","@id":"https:\/\/www.schinken-wein.de\/en","url":"https:\/\/www.schinken-wein.de\/en","name":"Home - schinken-wein.de","isPartOf":{"@id":"https:\/\/www.schinken-wein.de\/#website"},"datePublished":"2014-07-15T09:43:00+00:00","dateModified":"2026-01-28T11:47:08+00:00","breadcrumb":{"@id":"https:\/\/www.schinken-wein.de\/en#breadcrumb"},"inLanguage":"en-US","potentialAction":[{"@type":"ReadAction","target":["https:\/\/www.schinken-wein.de\/en"]}]},{"@type":"BreadcrumbList","@id":"https:\/\/www.schinken-wein.de\/en#breadcrumb","itemListElement":[{"@type":"ListItem","position":1,"name":"Home","item":"https:\/\/www.schinken-wein.de\/en"},{"@type":"ListItem","position":2,"name":"Home"}]},{"@type":"WebSite","@id":"https:\/\/www.schinken-wein.de\/#website","url":"https:\/\/www.schinken-wein.de\/","name":"schinken-wein.de","description":"","potentialAction":[{"@type":"SearchAction","target":{"@type":"EntryPoint","urlTemplate":"https:\/\/www.schinken-wein.de\/?s={search_term_string}"},"query-input":{"@type":"PropertyValueSpecification","valueRequired":true,"valueName":"search_term_string"}}],"inLanguage":"en-US"}]}},"_links":{"self":[{"href":"https:\/\/www.schinken-wein.de\/en\/wp-json\/wp\/v2\/pages\/828","targetHints":{"allow":["GET"]}}],"collection":[{"href":"https:\/\/www.schinken-wein.de\/en\/wp-json\/wp\/v2\/pages"}],"about":[{"href":"https:\/\/www.schinken-wein.de\/en\/wp-json\/wp\/v2\/types\/page"}],"author":[{"embeddable":true,"href":"https:\/\/www.schinken-wein.de\/en\/wp-json\/wp\/v2\/users\/1"}],"replies":[{"embeddable":true,"href":"https:\/\/www.schinken-wein.de\/en\/wp-json\/wp\/v2\/comments?post=828"}],"version-history":[{"count":4,"href":"https:\/\/www.schinken-wein.de\/en\/wp-json\/wp\/v2\/pages\/828\/revisions"}],"predecessor-version":[{"id":1847,"href":"https:\/\/www.schinken-wein.de\/en\/wp-json\/wp\/v2\/pages\/828\/revisions\/1847"}],"wp:attachment":[{"href":"https:\/\/www.schinken-wein.de\/en\/wp-json\/wp\/v2\/media?parent=828"}],"curies":[{"name":"wp","href":"https:\/\/api.w.org\/{rel}","templated":true}]}}